{"id":121,"date":"2019-02-28T20:46:53","date_gmt":"2019-02-28T23:46:53","guid":{"rendered":"http:\/\/localhost\/gpde\/?page_id=121"},"modified":"2021-04-13T14:19:19","modified_gmt":"2021-04-13T17:19:19","slug":"curso-de-extensao-em-metodologia-e-propriedade-intelectual","status":"publish","type":"page","link":"https:\/\/gpde.direito.ufmg.br\/index.php\/curso-de-extensao-em-metodologia-e-propriedade-intelectual\/","title":{"rendered":"Curso de Extens\u00e3o de Propriedade Intelectual"},"content":{"rendered":"<p><span style=\"font-family: verdana, geneva, sans-serif;\">Observa-se no cen\u00e1rio nacional e internacional crescente interesse pelo estudo das diferentes formas de prote\u00e7\u00e3o de Propriedade Intelectual. Igualmente, tamb\u00e9m \u00e9 observado crescente interesse jur\u00eddico na busca de melhor compreens\u00e3o do instituto para avaliar os direitos e deveres decorrentes de eventuais prote\u00e7\u00f5es mais brandas ou mais intensas de cada esp\u00e9cie de Propriedade Intelectual.<\/span><\/p>\n<p><span style=\"font-family: verdana, geneva, sans-serif;\">Todavia, o estudo de marcas, patentes, desenho industrial, indica\u00e7\u00f5es geogr\u00e1ficas, direito autoral, direito internacional da Propriedade Intelectual, aspectos econ\u00f4micos e de desenvolvimento da Propriedade Intelectual, al\u00e9m das inova\u00e7\u00f5es tecnol\u00f3gicas, demanda conhecimentos espec\u00edficos sobre cada uma dessas formas de PI no Direito.<\/span><\/p>\n<p><span style=\"font-family: verdana, geneva, sans-serif;\">Diante deste quadro , prop\u00f5e-se a realiza\u00e7\u00e3o do CURSO DE EXTENS\u00c3O EM PROPRIEDADE INTELECTUAL, com objetivo principal de propiciar aos alunos de gradua\u00e7\u00e3o da Faculdade de Direito da UFMG os primeiros contatos com conceitos b\u00e1sicos que ser\u00e3o efetivamente utilizados para o desenvolvimento de estudos e pesquisas do N\u00facleo de Estudos em Propriedade Intelectual \u2013 nPI, do GPDE . De outro lado, apresenta-se como relevante para reafirmar a lideran\u00e7a setorial da FDUFMG, que se possibilite a participa\u00e7\u00e3o tamb\u00e9m de outros interessados na obten\u00e7\u00e3o de tais conhecimentos.<\/span><\/p>\n","protected":false},"excerpt":{"rendered":"<p>Observa-se no cen\u00e1rio nacional e internacional crescente interesse pelo estudo das diferentes formas de prote\u00e7\u00e3o de Propriedade Intelectual. Igualmente, tamb\u00e9m \u00e9 observado crescente interesse jur\u00eddico na busca de melhor compreens\u00e3o&hellip;<\/p>\n","protected":false},"author":1,"featured_media":0,"parent":0,"menu_order":0,"comment_status":"closed","ping_status":"closed","template":"","meta":{"footnotes":""},"class_list":["post-121","page","type-page","status-publish","hentry"],"_links":{"self":[{"href":"https:\/\/gpde.direito.ufmg.br\/index.php\/wp-json\/wp\/v2\/pages\/121","targetHints":{"allow":["GET"]}}],"collection":[{"href":"https:\/\/gpde.direito.ufmg.br\/index.php\/wp-json\/wp\/v2\/pages"}],"about":[{"href":"https:\/\/gpde.direito.ufmg.br\/index.php\/wp-json\/wp\/v2\/types\/page"}],"author":[{"embeddable":true,"href":"https:\/\/gpde.direito.ufmg.br\/index.php\/wp-json\/wp\/v2\/users\/1"}],"replies":[{"embeddable":true,"href":"https:\/\/gpde.direito.ufmg.br\/index.php\/wp-json\/wp\/v2\/comments?post=121"}],"version-history":[{"count":0,"href":"https:\/\/gpde.direito.ufmg.br\/index.php\/wp-json\/wp\/v2\/pages\/121\/revisions"}],"wp:attachment":[{"href":"https:\/\/gpde.direito.ufmg.br\/index.php\/wp-json\/wp\/v2\/media?parent=121"}],"curies":[{"name":"wp","href":"https:\/\/api.w.org\/{rel}","templated":true}]}}