{"id":257,"date":"2019-03-12T23:38:54","date_gmt":"2019-03-13T02:38:54","guid":{"rendered":"https:\/\/gpde.direito.ufmg.br\/?page_id=257"},"modified":"2019-08-11T21:16:27","modified_gmt":"2019-08-12T00:16:27","slug":"primeiro-encontro-18-marco-2019","status":"publish","type":"page","link":"https:\/\/gpde.direito.ufmg.br\/index.php\/primeiro-encontro-18-marco-2019\/","title":{"rendered":"6\u00aa Edi\u00e7\u00e3o"},"content":{"rendered":"<p><span style=\"font-family: verdana, geneva, sans-serif;\">1\u00ba dia &#8211; 18 mar\u00e7o 2019<\/span><\/p>\n<p><a href=\"https:\/\/gpde.direito.ufmg.br\/wp-content\/uploads\/2019\/03\/development-and-the-rule-of-the-law.pdf\" target=\"_blank\" rel=\"noopener noreferrer\">LARA, Fabiano Teodoro. DEVELOPMENT AND THE RULE OF LAW: A COMPARATIVE STUDY. Revista da Faculdade de Direito &#8211; Universidade Federal de Minas Gerais, v. BI, p. 73, 2017.<\/a><\/p>\n<p><span style=\"font-family: verdana, geneva, sans-serif;\">2\u00ba dia &#8211; 19 mar\u00e7o de 2019<\/span><\/p>\n<p><span style=\"font-family: verdana, geneva, sans-serif;\"><a href=\"https:\/\/gpde.direito.ufmg.br\/wp-content\/uploads\/2019\/03\/FIANI-Ronaldo.-Teoria-dos-Jogos-p\u00e1ginas-1-50.pdf\" target=\"_blank\" rel=\"noopener noreferrer\">FIANI, Ronaldo. Teoria dos jogos. Elsevier Brasil, 2006<\/a><\/span><\/p>\n<p><span style=\"font-family: verdana, geneva, sans-serif;\">3\u00ba dia &#8211; 20 de mar\u00e7o de 2019<\/span><\/p>\n<p><span style=\"font-family: verdana, geneva, sans-serif;\"><a href=\"https:\/\/gpde.direito.ufmg.br\/wp-content\/uploads\/2019\/03\/disserta__o_final_revista_06.10.14.pdf\" target=\"_blank\" rel=\"noopener noreferrer\">MONTEIRO, Gustavo Red\u00f3. Disserta\u00e7\u00e3o de Mestrado: O limite de atua\u00e7\u00e3o do Instituto Nacional da Propriedade Industrial no registro dos contratos de transfer\u00eancia de tecnologia. 2014<\/a><\/span><\/p>\n<p><span style=\"font-family: verdana, geneva, sans-serif;\">4\u00ba dia &#8211; 21 de mar\u00e7o de 2019<\/span><\/p>\n<p><span style=\"font-family: verdana, geneva, sans-serif;\"><a href=\"https:\/\/gpde.direito.ufmg.br\/wp-content\/uploads\/2019\/03\/carteis-hub-and-spoke.pdf\" target=\"_blank\" rel=\"noopener noreferrer\">SARTO, Elisa. Cart\u00e9is Hub-and-Spoke: coordena\u00e7\u00e3o horizontal por meio de restri\u00e7\u00f5es verticais. Revista de Defesa da Concorr\u00eancia, 2017<\/a><\/span><\/p>\n<p><span style=\"font-family: verdana, geneva, sans-serif;\"><a href=\"https:\/\/gpde.direito.ufmg.br\/wp-content\/uploads\/2019\/03\/Os-fundamentos-do-antitruste.pdf\" target=\"_blank\" rel=\"noopener noreferrer\">FORGIONI, Paula A. Os Fundamentos do Antitruste. 9\u00ba ed., rev., atualiz. e ampl. S\u00e3o Paulo: Editora Revista dos Tribunais, 2016<\/a><\/span><\/p>\n<p><span style=\"font-family: verdana, geneva, sans-serif;\">5\u00ba dia &#8211; 22 de mar\u00e7o de 2019<\/span><\/p>\n<p><span style=\"font-family: verdana, geneva, sans-serif;\"><a href=\"https:\/\/gpde.direito.ufmg.br\/wp-content\/uploads\/2019\/03\/Chapter1-Law-and-Development-1.pdf\" target=\"_blank\" rel=\"noopener noreferrer\">TREBILCOCK, Michael J.; PRADO, Mariana Mota. Advanced introduction to law and development. Edward Elgar Publishing, 2014<\/a><\/span><\/p>\n<p><span style=\"font-family: verdana, geneva, sans-serif;\"><a href=\"https:\/\/gpde.direito.ufmg.br\/wp-content\/uploads\/2019\/03\/institutions-as-the-fundamental-cause-of-long-run-growth-1.pdf\" target=\"_blank\" rel=\"noopener noreferrer\">ACEMOGLU, Daron; JOHNSON, Simon; ROBINSON, James. \u201cInstitutions as the fundamental cause of long-run growth\u201d. Working Paper 10481. National Bureau of Economic Research. 1050 Massachusetts Avenue. Cambridge, MA 02138, May 2004<\/a><\/span><\/p>\n<p><span style=\"font-family: verdana, geneva, sans-serif;\"><a href=\"https:\/\/gpde.direito.ufmg.br\/wp-content\/uploads\/2019\/03\/The-Judiciary-and-Economic-Development-1.pdf\" target=\"_blank\" rel=\"noopener noreferrer\">DAM, Kenneth W. The Judiciary and Economic Development (October 2006). U Chicago Law &amp; Economics, Olin Working Paper No. 287<\/a><\/span><\/p>\n","protected":false},"excerpt":{"rendered":"<p>1\u00ba dia &#8211; 18 mar\u00e7o 2019 LARA, Fabiano Teodoro. DEVELOPMENT AND THE RULE OF LAW: A COMPARATIVE STUDY. Revista da Faculdade de Direito &#8211; Universidade Federal de Minas Gerais, v.&hellip;<\/p>\n","protected":false},"author":1,"featured_media":0,"parent":0,"menu_order":0,"comment_status":"closed","ping_status":"closed","template":"","meta":{"footnotes":""},"class_list":["post-257","page","type-page","status-publish","hentry"],"_links":{"self":[{"href":"https:\/\/gpde.direito.ufmg.br\/index.php\/wp-json\/wp\/v2\/pages\/257","targetHints":{"allow":["GET"]}}],"collection":[{"href":"https:\/\/gpde.direito.ufmg.br\/index.php\/wp-json\/wp\/v2\/pages"}],"about":[{"href":"https:\/\/gpde.direito.ufmg.br\/index.php\/wp-json\/wp\/v2\/types\/page"}],"author":[{"embeddable":true,"href":"https:\/\/gpde.direito.ufmg.br\/index.php\/wp-json\/wp\/v2\/users\/1"}],"replies":[{"embeddable":true,"href":"https:\/\/gpde.direito.ufmg.br\/index.php\/wp-json\/wp\/v2\/comments?post=257"}],"version-history":[{"count":0,"href":"https:\/\/gpde.direito.ufmg.br\/index.php\/wp-json\/wp\/v2\/pages\/257\/revisions"}],"wp:attachment":[{"href":"https:\/\/gpde.direito.ufmg.br\/index.php\/wp-json\/wp\/v2\/media?parent=257"}],"curies":[{"name":"wp","href":"https:\/\/api.w.org\/{rel}","templated":true}]}}