{"id":373,"date":"2019-04-22T00:10:35","date_gmt":"2019-04-22T03:10:35","guid":{"rendered":"https:\/\/gpde.direito.ufmg.br\/?page_id=373"},"modified":"2019-08-01T19:33:46","modified_gmt":"2019-08-01T22:33:46","slug":"7-ethnic-conflict-and-development","status":"publish","type":"page","link":"https:\/\/gpde.direito.ufmg.br\/index.php\/7-ethnic-conflict-and-development\/","title":{"rendered":"7- Ethnic conflict and development"},"content":{"rendered":"<p>Leitura obrigat\u00f3ria:<\/p>\n<p><span style=\"color: #ff0000;\"><a style=\"color: #ff0000;\" href=\"https:\/\/gpde.direito.ufmg.br\/wp-content\/uploads\/2019\/08\/0102-8529-cint-38-03-00865-1.pdf\" target=\"_blank\" rel=\"noopener noreferrer\">URT, Jo\u00e3o Nackle. How Western Sovereignty Occludes Indigenous Governance: the Guarani and Kaiowa Peoples in Brazil. Contexto int., Rio de Janeiro , v. 38, n. 3, p. 865-886, Dec. 2016.\u00a0<\/a><\/span><\/p>\n<p>Leitura complementar:<\/p>\n<p><a href=\"https:\/\/gpde.direito.ufmg.br\/wp-content\/uploads\/2019\/04\/4542-13977-1-PB.pdf\" target=\"_blank\" rel=\"noopener noreferrer\">CAVALCANTE, Thiago Leandro Vieira. Demarca\u00e7\u00e3o de terras ind\u00edgenas kaiow\u00e1 e guarani em Mato Grosso do Sul: hist\u00f3rico, desafios e perspectivas. Fronteiras, v. 16, n. 28, p. 48-69, 2014.<\/a><\/p>\n<p><a href=\"https:\/\/gpde.direito.ufmg.br\/wp-content\/uploads\/2019\/04\/Identity_and_Violence_The_Illusion_of_De.pdf\" target=\"_blank\" rel=\"noopener noreferrer\">SEN, Amartya. Identity and violence: The illusion of destiny. Penguin Books India, 2007.<\/a><\/p>\n<p><a href=\"https:\/\/gpde.direito.ufmg.br\/wp-content\/uploads\/2019\/04\/ACFrOgA-pnFwzuMC2ZLY9ug4fS9h9LcNjdMRvz2N5bpMQ1WD7sYyo6ZviBQj2yEkv0yOGqk9xpIbMyzCqALfx1TOJ-YaTGzdGUS45gD_85-Ut2lYtWYauqLAP8sSm5s.pdf\" target=\"_blank\" rel=\"noopener noreferrer\">SCHELLING, Thomas C. Micromotives and macrobehavior. Revised edition. 2006.<\/a><\/p>\n<p><a href=\"https:\/\/gpde.direito.ufmg.br\/wp-content\/uploads\/2019\/04\/africa-conflicts.pdf\" target=\"_blank\" rel=\"noopener noreferrer\">CHO, Wonbin. Ethnic fractionalization, electoral institutions, and Africans&#8217; political attitudes. Institute for Democracy in South Africa (IDASA), 2007.<\/a><\/p>\n<p><a href=\"https:\/\/gpde.direito.ufmg.br\/wp-content\/uploads\/2019\/04\/a08v12n1.pdf\" target=\"_blank\" rel=\"noopener noreferrer\">SEGATO, Rita Laura. Antropologia e direitos humanos: alteridade e \u00e9tica no movimento de expans\u00e3o dos direitos universais. Mana, v. 12, n. 1, p. 207-236, 2006.<\/a><\/p>\n<p><a href=\"https:\/\/gpde.direito.ufmg.br\/wp-content\/uploads\/2019\/04\/azam-.pdf\" target=\"_blank\" rel=\"noopener noreferrer\">AZAM, Jean-Paul. The redistributive state and conflicts in Africa. Journal of Peace research, v. 38, n. 4, p. 429-444, 2001.<\/a><\/p>\n<p><a href=\"https:\/\/gpde.direito.ufmg.br\/wp-content\/uploads\/2019\/04\/The-Strategy-of-Conflict-Prospectus-for-a-Reorientation-of-Game-Theory.pdf\" target=\"_blank\" rel=\"noopener noreferrer\">SCHELLING, Thomas C. The strategy of conflict. Prospectus for a reorientation of game theory. Journal of Conflict Resolution, v. 2, n. 3, p. 203-264, 1958.<\/a><\/p>\n","protected":false},"excerpt":{"rendered":"<p>Leitura obrigat\u00f3ria: URT, Jo\u00e3o Nackle. How Western Sovereignty Occludes Indigenous Governance: the Guarani and Kaiowa Peoples in Brazil. Contexto int., Rio de Janeiro , v. 38, n. 3, p. 865-886,&hellip;<\/p>\n","protected":false},"author":1,"featured_media":0,"parent":0,"menu_order":0,"comment_status":"closed","ping_status":"closed","template":"","meta":{"footnotes":""},"class_list":["post-373","page","type-page","status-publish","hentry"],"_links":{"self":[{"href":"https:\/\/gpde.direito.ufmg.br\/index.php\/wp-json\/wp\/v2\/pages\/373","targetHints":{"allow":["GET"]}}],"collection":[{"href":"https:\/\/gpde.direito.ufmg.br\/index.php\/wp-json\/wp\/v2\/pages"}],"about":[{"href":"https:\/\/gpde.direito.ufmg.br\/index.php\/wp-json\/wp\/v2\/types\/page"}],"author":[{"embeddable":true,"href":"https:\/\/gpde.direito.ufmg.br\/index.php\/wp-json\/wp\/v2\/users\/1"}],"replies":[{"embeddable":true,"href":"https:\/\/gpde.direito.ufmg.br\/index.php\/wp-json\/wp\/v2\/comments?post=373"}],"version-history":[{"count":0,"href":"https:\/\/gpde.direito.ufmg.br\/index.php\/wp-json\/wp\/v2\/pages\/373\/revisions"}],"wp:attachment":[{"href":"https:\/\/gpde.direito.ufmg.br\/index.php\/wp-json\/wp\/v2\/media?parent=373"}],"curies":[{"name":"wp","href":"https:\/\/api.w.org\/{rel}","templated":true}]}}