{"id":495,"date":"2019-08-11T21:48:34","date_gmt":"2019-08-12T00:48:34","guid":{"rendered":"https:\/\/gpde.direito.ufmg.br\/?page_id=495"},"modified":"2019-08-11T21:49:42","modified_gmt":"2019-08-12T00:49:42","slug":"7a-edicao","status":"publish","type":"page","link":"https:\/\/gpde.direito.ufmg.br\/index.php\/7a-edicao\/","title":{"rendered":"7\u00aa Edi\u00e7\u00e3o"},"content":{"rendered":"<p><span style=\"font-family: verdana, geneva, sans-serif;\">1\u00ba dia &#8211; 19 de agosto de 2019<\/span><\/p>\n<p><a href=\"https:\/\/gpde.direito.ufmg.br\/wp-content\/uploads\/2019\/03\/development-and-the-rule-of-the-law.pdf\" target=\"_blank\" rel=\"noopener noreferrer\">LARA, Fabiano Teodoro. DEVELOPMENT AND THE RULE OF LAW: A COMPARATIVE STUDY. Revista da Faculdade de Direito &#8211; Universidade Federal de Minas Gerais, v. BI, p. 73, 2017.<\/a><\/p>\n<p><span style=\"font-family: verdana, geneva, sans-serif;\">2\u00ba dia &#8211; 20 de agosto de 2019<\/span><\/p>\n<p><span style=\"font-family: verdana, geneva, sans-serif;\"><a href=\"https:\/\/gpde.direito.ufmg.br\/wp-content\/uploads\/2019\/03\/FIANI-Ronaldo.-Teoria-dos-Jogos-p\u00e1ginas-1-50.pdf\" target=\"_blank\" rel=\"noopener noreferrer\">FIANI, Ronaldo. Teoria dos jogos. Elsevier Brasil, 2006<\/a><\/span><\/p>\n<p><span style=\"font-family: verdana, geneva, sans-serif;\">3\u00ba dia &#8211; 21 de agosto de 2019<\/span><\/p>\n<p><span style=\"font-family: verdana, geneva, sans-serif;\"><a href=\"https:\/\/gpde.direito.ufmg.br\/wp-content\/uploads\/2019\/08\/The-Falcons-Gyre_-Legal-Foundations-of-Economic-Innovation-and-G.pdf\" target=\"_blank\" rel=\"noopener noreferrer\">COOTER, Robert. The Falcon&#8217;s Gyre: Legal Foundations of Economic Innovation and Growth. 2014.<\/a><\/span><\/p>\n<p><span style=\"font-family: verdana, geneva, sans-serif;\">4\u00ba dia &#8211; 22 de agosto de 2019<\/span><\/p>\n<p><span style=\"font-family: verdana, geneva, sans-serif;\"><a href=\"https:\/\/gpde.direito.ufmg.br\/wp-content\/uploads\/2019\/03\/carteis-hub-and-spoke.pdf\" target=\"_blank\" rel=\"noopener noreferrer\">SARTO, Elisa. Cart\u00e9is Hub-and-Spoke: coordena\u00e7\u00e3o horizontal por meio de restri\u00e7\u00f5es verticais. Revista de Defesa da Concorr\u00eancia, 2017<\/a><\/span><\/p>\n<p><span style=\"font-family: verdana, geneva, sans-serif;\">5\u00ba dia &#8211; 23 de agosto de 2019<\/span><\/p>\n<p><span style=\"font-family: verdana, geneva, sans-serif;\"><a href=\"https:\/\/gpde.direito.ufmg.br\/wp-content\/uploads\/2019\/03\/Chapter1-Law-and-Development-1.pdf\" target=\"_blank\" rel=\"noopener noreferrer\">TREBILCOCK, Michael J.; PRADO, Mariana Mota. Advanced introduction to law and development. Edward Elgar Publishing, 2014<\/a><\/span><\/p>\n<p><span style=\"font-family: verdana, geneva, sans-serif;\"><a href=\"https:\/\/gpde.direito.ufmg.br\/wp-content\/uploads\/2019\/03\/The-Judiciary-and-Economic-Development-1.pdf\" target=\"_blank\" rel=\"noopener noreferrer\">DAM, Kenneth W. The Judiciary and Economic Development (October 2006). U Chicago Law &amp; Economics, Olin Working Paper No. 287<\/a><\/span><\/p>\n","protected":false},"excerpt":{"rendered":"<p>1\u00ba dia &#8211; 19 de agosto de 2019 LARA, Fabiano Teodoro. DEVELOPMENT AND THE RULE OF LAW: A COMPARATIVE STUDY. Revista da Faculdade de Direito &#8211; Universidade Federal de Minas&hellip;<\/p>\n","protected":false},"author":1,"featured_media":0,"parent":0,"menu_order":0,"comment_status":"closed","ping_status":"closed","template":"","meta":{"footnotes":""},"class_list":["post-495","page","type-page","status-publish","hentry"],"_links":{"self":[{"href":"https:\/\/gpde.direito.ufmg.br\/index.php\/wp-json\/wp\/v2\/pages\/495","targetHints":{"allow":["GET"]}}],"collection":[{"href":"https:\/\/gpde.direito.ufmg.br\/index.php\/wp-json\/wp\/v2\/pages"}],"about":[{"href":"https:\/\/gpde.direito.ufmg.br\/index.php\/wp-json\/wp\/v2\/types\/page"}],"author":[{"embeddable":true,"href":"https:\/\/gpde.direito.ufmg.br\/index.php\/wp-json\/wp\/v2\/users\/1"}],"replies":[{"embeddable":true,"href":"https:\/\/gpde.direito.ufmg.br\/index.php\/wp-json\/wp\/v2\/comments?post=495"}],"version-history":[{"count":0,"href":"https:\/\/gpde.direito.ufmg.br\/index.php\/wp-json\/wp\/v2\/pages\/495\/revisions"}],"wp:attachment":[{"href":"https:\/\/gpde.direito.ufmg.br\/index.php\/wp-json\/wp\/v2\/media?parent=495"}],"curies":[{"name":"wp","href":"https:\/\/api.w.org\/{rel}","templated":true}]}}