{"id":512,"date":"2019-08-19T14:29:26","date_gmt":"2019-08-19T17:29:26","guid":{"rendered":"https:\/\/gpde.direito.ufmg.br\/?page_id=512"},"modified":"2019-08-19T14:29:26","modified_gmt":"2019-08-19T17:29:26","slug":"3a-edicao","status":"publish","type":"page","link":"https:\/\/gpde.direito.ufmg.br\/index.php\/3a-edicao\/","title":{"rendered":"3\u00aa Edi\u00e7\u00e3o"},"content":{"rendered":"<p>CRONOGRAMA:<\/p>\n<p>Dia 26 de agosto &#8211; 11:30 \u2013 13:00<br \/>\n<strong>Quest\u00f5es introdut\u00f3rias \u00e0 Propriedade Intelectual \u2013 Mestranda Jade Vinagre e Lima<\/strong><br \/>\nLeitura recomendada:<br \/>\n&#8211; Lei n\u00ba 9.279\/96 e Lei n\u00ba 9.610\/98; Conven\u00e7\u00e3o de Paris (Decreto N\u00ba 75.572\/75) e Conven\u00e7\u00e3o de Berna (Decreto N\u00ba 75.699\/75)<br \/>\n&#8211; Denis Borges Barbosa \u2013 Uma introdu\u00e7\u00e3o \u00e0 Propriedade Intelectual. 2\u00aa ed. rev. e atual. Rio de Janeiro: Lumen juris, 2003, p. 10-132<\/p>\n<p>Dia 27 de agosto &#8211; 11:30 \u2013 13:00<br \/>\n<strong>Propriedade industrial e inova\u00e7\u00e3o: a CTIT e o desenvolvimento tecnol\u00f3gico na UFMG \u2013 Analista de Propriedade Intelectual da UFMG Leticia Alves Vial<\/strong><br \/>\nLeitura recomendada:<br \/>\n&#8211; Decreto 9.283\/2018. Regulamenta a Lei n\u00ba 10.973 (Lei da Inova\u00e7\u00e3o); e Resolu\u00e7\u00e3o 08, de 1998. Regulamenta a prote\u00e7\u00e3o de direitos relativos a inven\u00e7\u00f5es, propriedade industrial, direitos autorais e de programas de comp. no \u00e2mbito da UFMG.<br \/>\n&#8211; Biancca Scarpeline de Castro; Gustavo Costa de Souza &#8211; O papel dos N\u00facleos de Inova\u00e7\u00e3o Tecnol\u00f3gica (NITs) nas universidades brasileiras.<\/p>\n<p>Dia 28 de agosto &#8211; 11:30 \u2013 13:00<br \/>\n<strong>Limites ao Direito Autoral e Fair Use \u2013 Mestrando Marcos Henrique Costa Leroy<\/strong><br \/>\nLeitura recomendada:<br \/>\n&#8211; U.S. Code Title 17 \u2013 Copyrights \u00a7\u202f107.<br \/>\n&#8211; LARA, Fabiano Teodoro de Rezende. Propriedade intelectual: uma abordagem pela an\u00e1lise econ\u00f4mica do direito. Belo Horizonte: Del Rey, 2010.<br \/>\n&#8211; OKEDIJI, Ruth L. The Limits of International Copyright Exceptions for Developing Countries.\u00a0Vand. J. Ent. &amp;amp; Tech. L., v. 21, p. 689, 2018<\/p>\n<p>Dia 29 de agosto &#8211; 11:30 \u2013 13:00<br \/>\n<strong>Propriedade industrial e transfer\u00eancia de tecnologia \u2013 Doutorando Gustavo Redo Monteiro<\/strong><br \/>\nLeitura recomendada:<br \/>\n&#8211; MONTEIRO, Gustavo Red\u00f3. Disserta\u00e7\u00e3o de Mestrado: O limite de atua\u00e7\u00e3o do Instituto Nacional da Propriedade Industrial no registro dos contratos de transfer\u00eancia de tecnologia. 2014. Dispon\u00edvel em<br \/>\nhttp:\/\/www.bibliotecadigital.ufmg.br\/dspace\/handle\/1843\/BUBD-9XQFXN<br \/>\n&#8211; LARA, Fabiano Teodoro de Rezende; MONTEIRO, Gustavo Red\u00f3. TRATAMENTO JUR\u00cdDICO DOS ACORDOS DE TRANSFER\u00caNCIA DE TECNOLOGIA NO DIREITO EUROPEU E NO DIREITO BRASILEIRO. Rev. de Direito, Inova\u00e7\u00e3o, Propriedade Intelectual e Concorr\u00eancia| e-ISSN: 2526-0014| Maranh\u00e3o | v. 3 | n. 2 | p. 75 &#8211; 93 | Jul\/Dez. 2017.<\/p>\n<p>Dia 30 de agosto &#8211; 11:30 \u2013 13:30<br \/>\n<strong>Uma an\u00e1lise cr\u00edtica \u00e0 Propriedade Intelectual &#8211; Prof. Fabiano Teodoro de Rezende Lara<\/strong><\/p>\n","protected":false},"excerpt":{"rendered":"<p>CRONOGRAMA: Dia 26 de agosto &#8211; 11:30 \u2013 13:00 Quest\u00f5es introdut\u00f3rias \u00e0 Propriedade Intelectual \u2013 Mestranda Jade Vinagre e Lima Leitura recomendada: &#8211; Lei n\u00ba 9.279\/96 e Lei n\u00ba 9.610\/98;&hellip;<\/p>\n","protected":false},"author":1,"featured_media":0,"parent":0,"menu_order":0,"comment_status":"closed","ping_status":"closed","template":"","meta":{"footnotes":""},"class_list":["post-512","page","type-page","status-publish","hentry"],"_links":{"self":[{"href":"https:\/\/gpde.direito.ufmg.br\/index.php\/wp-json\/wp\/v2\/pages\/512","targetHints":{"allow":["GET"]}}],"collection":[{"href":"https:\/\/gpde.direito.ufmg.br\/index.php\/wp-json\/wp\/v2\/pages"}],"about":[{"href":"https:\/\/gpde.direito.ufmg.br\/index.php\/wp-json\/wp\/v2\/types\/page"}],"author":[{"embeddable":true,"href":"https:\/\/gpde.direito.ufmg.br\/index.php\/wp-json\/wp\/v2\/users\/1"}],"replies":[{"embeddable":true,"href":"https:\/\/gpde.direito.ufmg.br\/index.php\/wp-json\/wp\/v2\/comments?post=512"}],"version-history":[{"count":0,"href":"https:\/\/gpde.direito.ufmg.br\/index.php\/wp-json\/wp\/v2\/pages\/512\/revisions"}],"wp:attachment":[{"href":"https:\/\/gpde.direito.ufmg.br\/index.php\/wp-json\/wp\/v2\/media?parent=512"}],"curies":[{"name":"wp","href":"https:\/\/api.w.org\/{rel}","templated":true}]}}