{"id":616,"date":"2021-07-14T16:21:19","date_gmt":"2021-07-14T19:21:19","guid":{"rendered":"https:\/\/gpde.direito.ufmg.br\/?page_id=616"},"modified":"2023-05-27T12:47:00","modified_gmt":"2023-05-27T15:47:00","slug":"elton-pupo-nogueira","status":"publish","type":"page","link":"https:\/\/gpde.direito.ufmg.br\/index.php\/elton-pupo-nogueira\/","title":{"rendered":"Elton Pupo Nogueira"},"content":{"rendered":"<p style=\"text-align: right;\"><img loading=\"lazy\" decoding=\"async\" class=\"wp-image-640 size-medium alignleft\" src=\"https:\/\/gpde.direito.ufmg.br\/wp-content\/uploads\/2021\/08\/IMG_8450_Original-300x267.jpg\" alt=\"\" width=\"300\" height=\"267\" srcset=\"https:\/\/gpde.direito.ufmg.br\/wp-content\/uploads\/2021\/08\/IMG_8450_Original-300x267.jpg 300w, https:\/\/gpde.direito.ufmg.br\/wp-content\/uploads\/2021\/08\/IMG_8450_Original-1024x911.jpg 1024w, https:\/\/gpde.direito.ufmg.br\/wp-content\/uploads\/2021\/08\/IMG_8450_Original-768x683.jpg 768w, https:\/\/gpde.direito.ufmg.br\/wp-content\/uploads\/2021\/08\/IMG_8450_Original-140x125.jpg 140w, https:\/\/gpde.direito.ufmg.br\/wp-content\/uploads\/2021\/08\/IMG_8450_Original.jpg 1310w\" sizes=\"auto, (max-width: 300px) 100vw, 300px\" \/><span style=\"font-family: arial, helvetica, sans-serif;\">Mestre e pesquisador do Grupo de Estudos em Direito Econ\u00f4mico da Universidade Federal de Minas Gerais (UFMG). <\/span><\/p>\n<p style=\"text-align: right;\"><span style=\"font-family: arial, helvetica, sans-serif;\">P\u00f3s Graduado em Direito dos Contratos e Consumo pela Faculdade de Direito da Universidade de Coimbra (FDUC), Portugal e em Direito Civil pela Universidade Estadual Paulista (Unesp). <\/span><\/p>\n<p style=\"text-align: right;\"><span style=\"font-family: arial, helvetica, sans-serif;\">Professor (Formador) da ENFAM \u2013 Escola Nacional de Forma\u00e7\u00e3o e Aperfei\u00e7oamento de Magistrados vinculada ao STJ \u2013 Superior Tribunal de Justi\u00e7a em Bras\u00edlia e da EJEF \u2013 Escola Judicial Desembargador Ed\u00e9sio Fernandes vinculada ao TJMG \u2013 Tribunal de Justi\u00e7a de Minas Gerais.<\/span><\/p>\n<p style=\"text-align: right;\"><span style=\"font-family: arial, helvetica, sans-serif;\">Juiz do Tribunal de Justi\u00e7a de Minas Gerais. <\/span><\/p>\n<p>&nbsp;<\/p>\n<hr \/>\n<hr \/>\n<p><a href=\"https:\/\/ufmg.academia.edu\/EltonPupoNogueira\"><img loading=\"lazy\" decoding=\"async\" class=\"alignnone wp-image-651 size-post-thumbnail\" src=\"https:\/\/gpde.direito.ufmg.br\/wp-content\/uploads\/2021\/10\/ufmg-140x138.png\" alt=\"\" width=\"140\" height=\"138\" srcset=\"https:\/\/gpde.direito.ufmg.br\/wp-content\/uploads\/2021\/10\/ufmg-140x138.png 140w, https:\/\/gpde.direito.ufmg.br\/wp-content\/uploads\/2021\/10\/ufmg.png 226w\" sizes=\"auto, (max-width: 140px) 100vw, 140px\" \/> <\/a><a href=\"http:\/\/lattes.cnpq.br\/6333577922047606\"><img loading=\"lazy\" decoding=\"async\" class=\"alignnone wp-image-650 size-medium\" src=\"https:\/\/gpde.direito.ufmg.br\/wp-content\/uploads\/2021\/10\/lattes-300x149.jpg\" alt=\"\" width=\"300\" height=\"149\" srcset=\"https:\/\/gpde.direito.ufmg.br\/wp-content\/uploads\/2021\/10\/lattes-300x149.jpg 300w, https:\/\/gpde.direito.ufmg.br\/wp-content\/uploads\/2021\/10\/lattes-140x69.jpg 140w, https:\/\/gpde.direito.ufmg.br\/wp-content\/uploads\/2021\/10\/lattes.jpg 319w\" sizes=\"auto, (max-width: 300px) 100vw, 300px\" \/><\/a><\/p>\n<p><a href=\"https:\/\/educa.enfam.jus.br\/perfil-publico-formador\/elton-pupo-nogueira\/nly65mgx7d\"><img loading=\"lazy\" decoding=\"async\" class=\"alignnone wp-image-649 size-full\" src=\"https:\/\/gpde.direito.ufmg.br\/wp-content\/uploads\/2021\/10\/enfamstj.png\" alt=\"\" width=\"344\" height=\"147\" srcset=\"https:\/\/gpde.direito.ufmg.br\/wp-content\/uploads\/2021\/10\/enfamstj.png 344w, https:\/\/gpde.direito.ufmg.br\/wp-content\/uploads\/2021\/10\/enfamstj-300x128.png 300w, https:\/\/gpde.direito.ufmg.br\/wp-content\/uploads\/2021\/10\/enfamstj-140x60.png 140w\" sizes=\"auto, (max-width: 344px) 100vw, 344px\" \/><\/a><\/p>\n<p><a href=\"https:\/\/ufmg.academia.edu\/EltonPupoNogueira\"><img loading=\"lazy\" decoding=\"async\" class=\"alignnone wp-image-647 size-medium\" src=\"https:\/\/gpde.direito.ufmg.br\/wp-content\/uploads\/2021\/10\/academia-300x37.png\" alt=\"\" width=\"300\" height=\"37\" srcset=\"https:\/\/gpde.direito.ufmg.br\/wp-content\/uploads\/2021\/10\/academia-300x37.png 300w, https:\/\/gpde.direito.ufmg.br\/wp-content\/uploads\/2021\/10\/academia-140x17.png 140w, https:\/\/gpde.direito.ufmg.br\/wp-content\/uploads\/2021\/10\/academia.png 600w\" sizes=\"auto, (max-width: 300px) 100vw, 300px\" \/><\/a><\/p>\n<p><a href=\"https:\/\/www.facebook.com\/eltonpn\/\"><img loading=\"lazy\" decoding=\"async\" class=\"alignnone wp-image-652 size-post-thumbnail\" src=\"https:\/\/gpde.direito.ufmg.br\/wp-content\/uploads\/2021\/10\/fb-140x74.png\" alt=\"\" width=\"140\" height=\"74\" srcset=\"https:\/\/gpde.direito.ufmg.br\/wp-content\/uploads\/2021\/10\/fb-140x74.png 140w, https:\/\/gpde.direito.ufmg.br\/wp-content\/uploads\/2021\/10\/fb-300x158.png 300w, https:\/\/gpde.direito.ufmg.br\/wp-content\/uploads\/2021\/10\/fb.png 310w\" sizes=\"auto, (max-width: 140px) 100vw, 140px\" \/><\/a> <a href=\"https:\/\/www.linkedin.com\/in\/elton-pupo-nogueira-894a9029\/\"><img loading=\"lazy\" decoding=\"async\" class=\"alignnone wp-image-653 size-post-thumbnail\" src=\"https:\/\/gpde.direito.ufmg.br\/wp-content\/uploads\/2021\/10\/linkedin-140x93.png\" alt=\"\" width=\"140\" height=\"93\" srcset=\"https:\/\/gpde.direito.ufmg.br\/wp-content\/uploads\/2021\/10\/linkedin-140x93.png 140w, https:\/\/gpde.direito.ufmg.br\/wp-content\/uploads\/2021\/10\/linkedin.png 275w\" sizes=\"auto, (max-width: 140px) 100vw, 140px\" \/><\/a><\/p>\n<hr \/>\n<p>&nbsp;<\/p>\n<p><span style=\"text-decoration: underline;\">Artigos Cient\u00edficos<\/span><\/p>\n<p>&nbsp;<\/p>\n<p>&#8220;An\u00e1lise econ\u00f4mica do direito e efici\u00eancia ambiental, social e de governan\u00e7a (ESG) nas empresas&#8221; (&#8220;Law and economics on environmental, social, and corporate governance efficiency in companies&#8221;). Publicado na Revista de An\u00e1lise Econ\u00f4mica do Direito, da\u00a0Revista dos Tribunais.<\/p>\n<p style=\"text-align: left;\"><a href=\"https:\/\/next-proview.thomsonreuters.com\/...\/261...\/v20220003\">https:\/\/next-proview.thomsonreuters.com\/&#8230;\/261&#8230;\/v20220003<\/a><\/p>\n<p style=\"text-align: left;\"><a href=\"https:\/\/www.academia.edu\/80549569\/An\u00e1lise_econ\u00f4mica_do_direito_e_efici\u00eancia_ambiental_social_e_de_governan\u00e7a_ESG_nas_empresas_Law_and_economics_on_environmental_social_and_corporate_governance_efficiency_in_companies\">Academia.edu (parte final na \u00edntegra)<\/a><\/p>\n<p>&nbsp;<\/p>\n<p><a href=\"https:\/\/revistadaajuris.ajuris.org.br\/index.php\/REVAJURIS\/article\/view\/1218\"> \u201cJURISDI\u00c7\u00c3O NO DIREITO AMBIENTAL: AN\u00c1LISE DA COMPET\u00caNCIA C\u00cdVEL EM DESASTRES AMBIENTAIS\u201d<\/a> na Revista da AJURIS \u2013 QUALIS A2<\/p>\n<p>&nbsp;<\/p>\n<p>&nbsp;<\/p>\n<p><a class=\"js-work-strip-work-link text-gray-darker\" href=\"https:\/\/www.academia.edu\/65731963\/Brumadinho_Dam_Rupture_Judicial_Class_Action_Case_Study\">Brumadinho Dam Rupture Judicial Class Action Case Study<\/a>. Publicado na Academia.edu Letters.<\/p>\n<p>&nbsp;<\/p>\n<p><span style=\"font-family: arial, helvetica, sans-serif;\"><a href=\"http:\/\/www.academia.edu\/45597991\/DECLARA\u00c7\u00c3O_JUDICIAL_OFICIOSA_DE_NULIDADE_DE_CL\u00c1USULA_ABUSIVA_EM_CONTRATOS_COM_CONSUMIDORES_NO_DIREITO_DA_UNI\u00c3O_EUROPEIA_E_BRASILEIRO\">DECLARA\u00c7\u00c3O JUDICIAL OFICIOSA DE NULIDADE DE CL\u00c1USULA ABUSIVA EM CONTRATOS COM CONSUMIDORES NO DIREITO DA UNI\u00c3O EUROPEIA E BRASILEIRO<\/a>. Publicado na Revista Amagis Jur\u00eddica.<\/span><\/p>\n<p><span style=\"font-family: arial, helvetica, sans-serif;\"><a href=\"https:\/\/www.academia.edu\/45597969\/Contratos_com_vantagem_desproporcional_celebrados_por_consumidores_sobreendividados\">Contratos com vantagem desproporcional celebrados por consumidores sobreendividados<\/a>. Publicado na Revista Jurisprud\u00eancia Mineira, reposit\u00f3rio de jurisprud\u00eancia autorizado pelo STF.<\/span><\/p>\n<p><a href=\"https:\/\/www.academia.edu\/53561205\/Cinzas_Vulcanicas_como_Circunstancia_Extraordin\u00e1ria_nos_Contratos_de_Transporte_A\u00e9reo_de_Passageiros\">Cinzas Vulcanicas como Circunstancia Extraordin\u00e1ria nos Contratos de Transporte A\u00e9reo de Passageiros.<\/a><\/p>\n<p>&nbsp;<\/p>\n<hr \/>\n<p><span style=\"text-decoration: underline;\">Publica\u00e7\u00f5es na Imprensa<\/span><\/p>\n<p><span style=\"font-family: arial, helvetica, sans-serif;\"><a href=\"https:\/\/www.academia.edu\/45189874\/_Controv\u00e9rsias_da_a\u00e7\u00e3o_contra_a_Vale_em_Minas_\">&#8220;Controv\u00e9rsias da a\u00e7\u00e3o contra a Vale em Minas&#8221;<\/a> Publicado no\u00a0Jornal Valor Economico de 23 de fevereiro de 2021.<\/span><\/p>\n<p><span style=\"font-family: arial, helvetica, sans-serif;\">&#8220;<a href=\"https:\/\/www.conjur.com.br\/2021-mar-03\/nogueira-controversias-acao-vale-brumadinho\">Controv\u00e9rsias da a\u00e7\u00e3o contra a Vale em Brumadinho incluem atua\u00e7\u00e3o do MP<\/a>&#8221; Publicado no site Consultor Juridico.<\/span><\/p>\n<p>&nbsp;<\/p>\n<hr \/>\n<p><span style=\"text-decoration: underline;\">Participa\u00e7\u00f5es em Eventos<\/span><\/p>\n<p><span style=\"font-family: arial, helvetica, sans-serif;\"><a href=\"https:\/\/ajuris.org.br\/2020\/11\/16\/iii-semana-da-magistratura-comeca-nesta-terca-feira\/\">Palestra de Abertura da III Semana da Magistratura da AJURIS<\/a> &#8211; Associa\u00e7\u00e3o dos Juizes do Rio Grande do Sul<\/span><\/p>\n<p>&nbsp;<\/p>\n<hr \/>\n<p><span style=\"text-decoration: underline;\">Decis\u00f5es Judiciais<\/span><\/p>\n<p><span style=\"font-family: arial, helvetica, sans-serif;\"><a href=\"https:\/\/www.academia.edu\/45582999\/Decisoes_judiciais_Estado_Minas_Gerais_MP_x_Vale_S_A_Barragem_Brumadinho_Judicial_rulings_Minas_Gerais_State_x_Vale_S_A_Brumadinho_Dam_judicial_procedure\">Decis\u00f5es Judiciais<\/a> no caso de Brumadinho.<\/span><\/p>\n","protected":false},"excerpt":{"rendered":"<p>Mestre e pesquisador do Grupo de Estudos em Direito Econ\u00f4mico da Universidade Federal de Minas Gerais (UFMG). P\u00f3s Graduado em Direito dos Contratos e Consumo pela Faculdade de Direito da&hellip;<\/p>\n","protected":false},"author":1,"featured_media":0,"parent":0,"menu_order":0,"comment_status":"closed","ping_status":"closed","template":"page-templates\/pagebuilder.php","meta":{"footnotes":""},"class_list":["post-616","page","type-page","status-publish","hentry"],"_links":{"self":[{"href":"https:\/\/gpde.direito.ufmg.br\/index.php\/wp-json\/wp\/v2\/pages\/616","targetHints":{"allow":["GET"]}}],"collection":[{"href":"https:\/\/gpde.direito.ufmg.br\/index.php\/wp-json\/wp\/v2\/pages"}],"about":[{"href":"https:\/\/gpde.direito.ufmg.br\/index.php\/wp-json\/wp\/v2\/types\/page"}],"author":[{"embeddable":true,"href":"https:\/\/gpde.direito.ufmg.br\/index.php\/wp-json\/wp\/v2\/users\/1"}],"replies":[{"embeddable":true,"href":"https:\/\/gpde.direito.ufmg.br\/index.php\/wp-json\/wp\/v2\/comments?post=616"}],"version-history":[{"count":0,"href":"https:\/\/gpde.direito.ufmg.br\/index.php\/wp-json\/wp\/v2\/pages\/616\/revisions"}],"wp:attachment":[{"href":"https:\/\/gpde.direito.ufmg.br\/index.php\/wp-json\/wp\/v2\/media?parent=616"}],"curies":[{"name":"wp","href":"https:\/\/api.w.org\/{rel}","templated":true}]}}