{"id":658,"date":"2021-11-12T11:06:55","date_gmt":"2021-11-12T14:06:55","guid":{"rendered":"https:\/\/gpde.direito.ufmg.br\/?page_id=658"},"modified":"2021-11-20T11:31:03","modified_gmt":"2021-11-20T14:31:03","slug":"artigos","status":"publish","type":"page","link":"https:\/\/gpde.direito.ufmg.br\/index.php\/artigos\/","title":{"rendered":"Artigos"},"content":{"rendered":"<p>2021<\/p>\n<p><!--more--><\/p>\n<div class=\"wp-workCard_item wp-workCard--title\"><a class=\"js-work-strip-work-link text-gray-darker\" href=\"https:\/\/www.academia.edu\/45189874\/_Controv%C3%A9rsias_da_a%C3%A7%C3%A3o_contra_a_Vale_em_Minas_\">&#8220;Controv\u00e9rsias da a\u00e7\u00e3o contra a Vale em Minas &#8220;<\/a><\/div>\n<div class=\"wp-workCard_item\" style=\"text-align: left;\"><span style=\"font-size: 8pt;\">Durante dois anos na condu\u00e7\u00e3o da A\u00e7\u00e3o Coletiva que reuniu cinco processos decorrentes do rompimento da barragem em Brumadinho (MG), n\u00e3o foram poucas as diverg\u00eancias juridicas enfrentadas, mesmo depois de outros eventos semelhantes tais como os acidentes nucleares de Chernobyl e Fukushima e a tragedia de Mariana (MG)&#8230; <\/span><span style=\"font-size: 8pt;\">(Artigo publicado no Jornal Valor Economico, em 23 de fevereiro de 2021)<\/span><\/div>\n<p><!--more--><\/p>\n","protected":false},"excerpt":{"rendered":"<p>2021<\/p>\n","protected":false},"author":1,"featured_media":0,"parent":0,"menu_order":0,"comment_status":"closed","ping_status":"closed","template":"","meta":{"footnotes":""},"class_list":["post-658","page","type-page","status-publish","hentry"],"_links":{"self":[{"href":"https:\/\/gpde.direito.ufmg.br\/index.php\/wp-json\/wp\/v2\/pages\/658","targetHints":{"allow":["GET"]}}],"collection":[{"href":"https:\/\/gpde.direito.ufmg.br\/index.php\/wp-json\/wp\/v2\/pages"}],"about":[{"href":"https:\/\/gpde.direito.ufmg.br\/index.php\/wp-json\/wp\/v2\/types\/page"}],"author":[{"embeddable":true,"href":"https:\/\/gpde.direito.ufmg.br\/index.php\/wp-json\/wp\/v2\/users\/1"}],"replies":[{"embeddable":true,"href":"https:\/\/gpde.direito.ufmg.br\/index.php\/wp-json\/wp\/v2\/comments?post=658"}],"version-history":[{"count":0,"href":"https:\/\/gpde.direito.ufmg.br\/index.php\/wp-json\/wp\/v2\/pages\/658\/revisions"}],"wp:attachment":[{"href":"https:\/\/gpde.direito.ufmg.br\/index.php\/wp-json\/wp\/v2\/media?parent=658"}],"curies":[{"name":"wp","href":"https:\/\/api.w.org\/{rel}","templated":true}]}}