{"id":76,"date":"2019-02-28T20:08:50","date_gmt":"2019-02-28T23:08:50","guid":{"rendered":"http:\/\/localhost\/gpde\/?page_id=76"},"modified":"2025-03-20T17:14:13","modified_gmt":"2025-03-20T20:14:13","slug":"integrantes","status":"publish","type":"page","link":"https:\/\/gpde.direito.ufmg.br\/index.php\/integrantes\/","title":{"rendered":"Pesquisadores"},"content":{"rendered":"<p>&nbsp;<\/p>\n<p style=\"text-align: center;\"><img loading=\"lazy\" decoding=\"async\" class=\"alignleft wp-image-737 size-full\" src=\"https:\/\/gpde.direito.ufmg.br\/wp-content\/uploads\/2025\/03\/fabianolara.png\" alt=\"\" width=\"250\" height=\"250\" srcset=\"https:\/\/gpde.direito.ufmg.br\/wp-content\/uploads\/2025\/03\/fabianolara.png 250w, https:\/\/gpde.direito.ufmg.br\/wp-content\/uploads\/2025\/03\/fabianolara-150x150.png 150w, https:\/\/gpde.direito.ufmg.br\/wp-content\/uploads\/2025\/03\/fabianolara-140x140.png 140w\" sizes=\"auto, (max-width: 250px) 100vw, 250px\" \/><\/p>\n<p style=\"text-align: left;\">Prof. Dr. Fabiano Lara<\/p>\n<p>Fabiano Teodoro de Rezende Lara \u00e9 Bacharel (1996), Mestre (2001) e Doutor (2008) em Direito pela Universidade Federal de Minas Gerais e Bacharel em Comunica\u00e7\u00e3o Social pela PUC-MG (1996). Foi Assessor Jur\u00eddico do Tribunal de Justi\u00e7a de Minas Gerais de 1997 a 2010. Atualmente \u00e9 Professor Associado de Direito Econ\u00f4mico da Faculdade de Direito da UFMG (Gradua\u00e7\u00e3o, Mestrado e Doutorado). Professor Visitante da Facolt\u00e0 di Giurisprudenza dell&#8217;Universit\u00e0 degli Studi di Trento (2018). Membro do Instituto dos Advogados de Minas Gerais (IAMG). Membro do TJD-MG. Membro da Comiss\u00e3o de Arbitragem da OAB\/MG. Advogado.<\/p>\n<p>&nbsp;<\/p>\n<p><img loading=\"lazy\" decoding=\"async\" class=\"alignleft wp-image-731 size-medium\" src=\"https:\/\/gpde.direito.ufmg.br\/wp-content\/uploads\/2025\/03\/4979-reinaldo-diogo-luz-225x300.webp\" alt=\"\" width=\"225\" height=\"300\" srcset=\"https:\/\/gpde.direito.ufmg.br\/wp-content\/uploads\/2025\/03\/4979-reinaldo-diogo-luz-225x300.webp 225w, https:\/\/gpde.direito.ufmg.br\/wp-content\/uploads\/2025\/03\/4979-reinaldo-diogo-luz-140x187.webp 140w, https:\/\/gpde.direito.ufmg.br\/wp-content\/uploads\/2025\/03\/4979-reinaldo-diogo-luz.webp 505w\" sizes=\"auto, (max-width: 225px) 100vw, 225px\" \/><\/p>\n<p>Prof. Dr. Reinaldo Luz<\/p>\n<p>Possui gradua\u00e7\u00e3o em Direito pela Universidade Federal de Minas Gerais (2013), gradua\u00e7\u00e3o em Engenharia Qu\u00edmica pelo Instituto Militar de Engenharia (1997), mestrado em Administra\u00e7\u00e3o pela Universidade Federal do Rio de Janeiro (2002) e doutorado em Direito pela Universidade Federal de Minas Gerais (2017), com est\u00e1gio doutoral na Stockholm School of Economics (2014-2015). Tem experi\u00eancia na \u00e1rea de Administra\u00e7\u00e3o, com \u00eanfase em Administra\u00e7\u00e3o P\u00fablica, e Direito Administrativo. \u00c1reas de interesse: Direito Administrativo e Direito Econ\u00f4mico, com foco em An\u00e1lise Econ\u00f4mica do Direito.<\/p>\n<p>&nbsp;<\/p>\n<p><img loading=\"lazy\" decoding=\"async\" class=\"alignleft wp-image-719\" src=\"https:\/\/gpde.direito.ufmg.br\/wp-content\/uploads\/2025\/03\/Foto-Elisa-GPDE-1-200x300.jpg\" alt=\"\" width=\"225\" height=\"337\" srcset=\"https:\/\/gpde.direito.ufmg.br\/wp-content\/uploads\/2025\/03\/Foto-Elisa-GPDE-1-200x300.jpg 200w, https:\/\/gpde.direito.ufmg.br\/wp-content\/uploads\/2025\/03\/Foto-Elisa-GPDE-1-140x210.jpg 140w, https:\/\/gpde.direito.ufmg.br\/wp-content\/uploads\/2025\/03\/Foto-Elisa-GPDE-1.jpg 683w\" sizes=\"auto, (max-width: 225px) 100vw, 225px\" \/><\/p>\n<p>Elisa Santos Coelho Sarto<\/p>\n<p style=\"text-align: left;\">Doutoranda em Direito pela Universidade Federal de Minas Gerais, na linha\u00a0 de pesquisa, Administra\u00e7\u00e3o P\u00fablica e Desenvolvimento Estrat\u00e9gico. Mestra em Direito Econ\u00f4mico pela Universidade Federal de Minas Gerais (2020), com pesquisa em cartel hub-and-spoke. Graduada em Direito pela Universidade Federal de Minas Gerais e em Economia pela Pontif\u00edcia Universidade Cat\u00f3lica de Minas Gerais. Foi membro do 37 Programa de Interc\u00e2mbio do Conselho Administrativo de Defesa Econ\u00f4mica (PINCADE &#8211; 2017). Pesquisadora do Programa de Pesquisa e Extens\u00e3o em Desenvolvimento Sustent\u00e1vel e do Grupo de Pesquisa em Direito Econ\u00f4mico, ambos da Universidade Federal de Minas Gerais. Experi\u00eancias Acad\u00eamicas no Exterior: Universit\u00e0 LUM Jean Monnet em Bari (It\u00e1lia) em 2018 e Facolt\u00e0 di Giurisprudenza da Universit\u00e0 degli Studi di Siena (It\u00e1lia) em 2016. Professora Universit\u00e1ria. Advogada na \u00e1rea de Tribut\u00e1rio, Contratos e Imobili\u00e1rio.<\/p>\n<p>&nbsp;<\/p>\n<p><img loading=\"lazy\" decoding=\"async\" class=\"alignleft wp-image-735 size-medium\" src=\"https:\/\/gpde.direito.ufmg.br\/wp-content\/uploads\/2025\/03\/Imagem-do-WhatsApp-de-2025-03-18-as-15.43.41_b9711973-1-272x300.jpg\" alt=\"\" width=\"272\" height=\"300\" srcset=\"https:\/\/gpde.direito.ufmg.br\/wp-content\/uploads\/2025\/03\/Imagem-do-WhatsApp-de-2025-03-18-as-15.43.41_b9711973-1-272x300.jpg 272w, https:\/\/gpde.direito.ufmg.br\/wp-content\/uploads\/2025\/03\/Imagem-do-WhatsApp-de-2025-03-18-as-15.43.41_b9711973-1-930x1024.jpg 930w, https:\/\/gpde.direito.ufmg.br\/wp-content\/uploads\/2025\/03\/Imagem-do-WhatsApp-de-2025-03-18-as-15.43.41_b9711973-1-768x846.jpg 768w, https:\/\/gpde.direito.ufmg.br\/wp-content\/uploads\/2025\/03\/Imagem-do-WhatsApp-de-2025-03-18-as-15.43.41_b9711973-1-1395x1536.jpg 1395w, https:\/\/gpde.direito.ufmg.br\/wp-content\/uploads\/2025\/03\/Imagem-do-WhatsApp-de-2025-03-18-as-15.43.41_b9711973-1-140x154.jpg 140w, https:\/\/gpde.direito.ufmg.br\/wp-content\/uploads\/2025\/03\/Imagem-do-WhatsApp-de-2025-03-18-as-15.43.41_b9711973-1.jpg 1673w\" sizes=\"auto, (max-width: 272px) 100vw, 272px\" \/><a href=\"http:\/\/www.linkedin.com\/in\/douglas-sabino-01\">Douglas Matias Sabino<\/a><\/p>\n<p style=\"text-align: left;\">Doutorando em Direito pela Universidade Federal de Minas Gerais, na linha de pesquisa, Administra\u00e7\u00e3o P\u00fablica e Desenvolvimento Estrat\u00e9gico. Mestre em Direito pela Universidade Federal de Minas Gerais (2025), com pesquisa em cart\u00e9is. P\u00f3s-Graduando em Direito Empresarial pela Universidade do Estado do Rio de Janeiro. Especialista em Direito Financeiro e Tribut\u00e1rio pela Universidade do Estado do Rio de Janeiro. Bacharel em Direito pelo Centro Universit\u00e1rio de Vi\u00e7osa\/UNIVI\u00c7OSA (2021). Pesquisador do Programa de Pesquisa e Extens\u00e3o em Desenvolvimento Sustent\u00e1vel e do Grupo de Pesquisa em Direito Econ\u00f4mico, ambos da Universidade Federal de Minas Gerais. Membro da Comiss\u00e3o de Direito da Concorr\u00eancia da OAB\/MG. Advogado atuante nas seguintes \u00e1reas: C\u00edvel, Concorrencial, Empresarial e Tribut\u00e1ria.<\/p>\n<p>&nbsp;<\/p>\n<p><a href=\"https:\/\/gpde.direito.ufmg.br\/?page_id=616&amp;preview=true\"><img loading=\"lazy\" decoding=\"async\" class=\"alignleft wp-image-588 size-medium\" src=\"https:\/\/gpde.direito.ufmg.br\/wp-content\/uploads\/2021\/04\/50972761853_fd0e8a3101_o-225x300.jpeg\" alt=\"\" width=\"225\" height=\"300\" srcset=\"https:\/\/gpde.direito.ufmg.br\/wp-content\/uploads\/2021\/04\/50972761853_fd0e8a3101_o-225x300.jpeg 225w, https:\/\/gpde.direito.ufmg.br\/wp-content\/uploads\/2021\/04\/50972761853_fd0e8a3101_o-140x186.jpeg 140w, https:\/\/gpde.direito.ufmg.br\/wp-content\/uploads\/2021\/04\/50972761853_fd0e8a3101_o.jpeg 335w\" sizes=\"auto, (max-width: 225px) 100vw, 225px\" \/><\/a><\/p>\n<p><a href=\"https:\/\/gpde.direito.ufmg.br\/?page_id=616&amp;preview=true\">Elton Pupo Nogueira<\/a><\/p>\n<p>Mestrando e pesquisador do Grupo de Estudos em Direito Econ\u00f4mico da Universidade Federal de Minas Gerais (UFMG). P\u00f3s Graduado em Direito dos Contratos e Consumo pela Faculdade de Direito da Universidade de Coimbra (FDUC), Portugal e em Direito Civil pela Universidade Estadual Paulista (Unesp). Juiz do Tribunal de Justi\u00e7a de Minas Gerais. Professor (Formador) da ENFAM &#8211; Escola Nacional de Forma\u00e7\u00e3o e Aperfei\u00e7oamento de Magistrados vinculada ao STJ &#8211; Superior Tribunal de Justi\u00e7a em Bras\u00edlia e da EJEF &#8211; Escola Judicial Desembargador Ed\u00e9sio Fernandes vinculada ao TJMG &#8211; Tribunal de Justi\u00e7a de Minas Gerais.<\/p>\n<p>&nbsp;<\/p>\n","protected":false},"excerpt":{"rendered":"<p>&nbsp; Prof. Dr. Fabiano Lara Fabiano Teodoro de Rezende Lara \u00e9 Bacharel (1996), Mestre (2001) e Doutor (2008) em Direito pela Universidade Federal de Minas Gerais e Bacharel em Comunica\u00e7\u00e3o&hellip;<\/p>\n","protected":false},"author":1,"featured_media":0,"parent":0,"menu_order":0,"comment_status":"closed","ping_status":"closed","template":"","meta":{"footnotes":""},"class_list":["post-76","page","type-page","status-publish","hentry"],"_links":{"self":[{"href":"https:\/\/gpde.direito.ufmg.br\/index.php\/wp-json\/wp\/v2\/pages\/76","targetHints":{"allow":["GET"]}}],"collection":[{"href":"https:\/\/gpde.direito.ufmg.br\/index.php\/wp-json\/wp\/v2\/pages"}],"about":[{"href":"https:\/\/gpde.direito.ufmg.br\/index.php\/wp-json\/wp\/v2\/types\/page"}],"author":[{"embeddable":true,"href":"https:\/\/gpde.direito.ufmg.br\/index.php\/wp-json\/wp\/v2\/users\/1"}],"replies":[{"embeddable":true,"href":"https:\/\/gpde.direito.ufmg.br\/index.php\/wp-json\/wp\/v2\/comments?post=76"}],"version-history":[{"count":14,"href":"https:\/\/gpde.direito.ufmg.br\/index.php\/wp-json\/wp\/v2\/pages\/76\/revisions"}],"predecessor-version":[{"id":738,"href":"https:\/\/gpde.direito.ufmg.br\/index.php\/wp-json\/wp\/v2\/pages\/76\/revisions\/738"}],"wp:attachment":[{"href":"https:\/\/gpde.direito.ufmg.br\/index.php\/wp-json\/wp\/v2\/media?parent=76"}],"curies":[{"name":"wp","href":"https:\/\/api.w.org\/{rel}","templated":true}]}}