{"id":82,"date":"2019-02-28T20:15:08","date_gmt":"2019-02-28T23:15:08","guid":{"rendered":"http:\/\/localhost\/gpde\/?page_id=82"},"modified":"2019-03-18T15:24:57","modified_gmt":"2019-03-18T18:24:57","slug":"gede","status":"publish","type":"page","link":"https:\/\/gpde.direito.ufmg.br\/index.php\/gede\/","title":{"rendered":"GEDE"},"content":{"rendered":"<p><span style=\"font-family: verdana, geneva, sans-serif; font-size: 12pt;\">O Grupo de Estudos em Direito Econ\u00f4mico surge em 2011 formalmente com a pr\u00f3pria sigla GPDE, trazendo discuss\u00f5es para alunos da UFMG e outros interessados nos diversos conte\u00fados de Direito Econ\u00f4mico como: An\u00e1lise Econ\u00f4mica do Direito, Regula\u00e7\u00e3o, Concorr\u00eancia, dentre outros. Desde ent\u00e3o, diversos estudantes se aproximaram da mat\u00e9ria &#8211; que somente \u00e9 lecionada no \u00faltimo ano da gradua\u00e7\u00e3o em direito na UFMG &#8211; e puderam realizar pesquisas e inicia\u00e7\u00f5es cient\u00edficas \u00a0juntamente com a equipe do Grupo de Pesquisa. Posteriormente, uma reformula\u00e7\u00e3o da organiza\u00e7\u00e3o foi feita, levando \u00e0 cria\u00e7\u00e3o da sigla GEDE focado nos estudos e o GPDE para pesquisa.<\/span><\/p>\n<p>Maia informa\u00e7\u00f5es podem ser encontradas na p\u00e1gina do Facebook:<a href=\"https:\/\/www.facebook.com\/GEDEUFMG\/\" target=\"_blank\" rel=\"noopener noreferrer\">https:\/\/www.facebook.com\/GEDEUFMG\/<\/a><\/p>\n","protected":false},"excerpt":{"rendered":"<p>O Grupo de Estudos em Direito Econ\u00f4mico surge em 2011 formalmente com a pr\u00f3pria sigla GPDE, trazendo discuss\u00f5es para alunos da UFMG e outros interessados nos diversos conte\u00fados de Direito&hellip;<\/p>\n","protected":false},"author":1,"featured_media":0,"parent":0,"menu_order":0,"comment_status":"closed","ping_status":"closed","template":"","meta":{"footnotes":""},"class_list":["post-82","page","type-page","status-publish","hentry"],"_links":{"self":[{"href":"https:\/\/gpde.direito.ufmg.br\/index.php\/wp-json\/wp\/v2\/pages\/82","targetHints":{"allow":["GET"]}}],"collection":[{"href":"https:\/\/gpde.direito.ufmg.br\/index.php\/wp-json\/wp\/v2\/pages"}],"about":[{"href":"https:\/\/gpde.direito.ufmg.br\/index.php\/wp-json\/wp\/v2\/types\/page"}],"author":[{"embeddable":true,"href":"https:\/\/gpde.direito.ufmg.br\/index.php\/wp-json\/wp\/v2\/users\/1"}],"replies":[{"embeddable":true,"href":"https:\/\/gpde.direito.ufmg.br\/index.php\/wp-json\/wp\/v2\/comments?post=82"}],"version-history":[{"count":0,"href":"https:\/\/gpde.direito.ufmg.br\/index.php\/wp-json\/wp\/v2\/pages\/82\/revisions"}],"wp:attachment":[{"href":"https:\/\/gpde.direito.ufmg.br\/index.php\/wp-json\/wp\/v2\/media?parent=82"}],"curies":[{"name":"wp","href":"https:\/\/api.w.org\/{rel}","templated":true}]}}