{"id":84,"date":"2019-02-28T20:16:37","date_gmt":"2019-02-28T23:16:37","guid":{"rendered":"http:\/\/localhost\/gpde\/?page_id=84"},"modified":"2019-08-29T01:46:40","modified_gmt":"2019-08-29T04:46:40","slug":"gpi","status":"publish","type":"page","link":"https:\/\/gpde.direito.ufmg.br\/index.php\/gpi\/","title":{"rendered":"NPI"},"content":{"rendered":"<p><span style=\"font-size: 12pt; font-family: verdana, geneva, sans-serif;\">o Grupo de Estudos em Propriedade Intelectual (gPI) \u00e9 fundado em 2016 ap\u00f3s um anseio de pesquisadores do GPDE e alunos da UFMG em um estudo mais amplo e aprofundado nas diversas prote\u00e7\u00f5es de propriedade intelectual. S\u00e3o desempenhadas pesquisas sobre propriedades industriais, direitos autorais e outras prote\u00e7\u00f5es sui generis e seus impactos relativos ao direito econ\u00f4mico, direito internacional, desenvolvimento e inova\u00e7\u00e3o.<\/span><\/p>\n<p>Mais informa\u00e7\u00f5es sobre o grupo podem ser encontrados no site:\u00a0<a href=\"https:\/\/sites.google.com\/prod\/view\/gpiufmg\/\" target=\"_blank\" rel=\"noopener noreferrer\">https:\/\/sites.google.com\/prod\/view\/gpiufmg\/<\/a><\/p>\n","protected":false},"excerpt":{"rendered":"<p>o Grupo de Estudos em Propriedade Intelectual (gPI) \u00e9 fundado em 2016 ap\u00f3s um anseio de pesquisadores do GPDE e alunos da UFMG em um estudo mais amplo e aprofundado&hellip;<\/p>\n","protected":false},"author":1,"featured_media":0,"parent":0,"menu_order":0,"comment_status":"closed","ping_status":"closed","template":"","meta":{"footnotes":""},"class_list":["post-84","page","type-page","status-publish","hentry"],"_links":{"self":[{"href":"https:\/\/gpde.direito.ufmg.br\/index.php\/wp-json\/wp\/v2\/pages\/84","targetHints":{"allow":["GET"]}}],"collection":[{"href":"https:\/\/gpde.direito.ufmg.br\/index.php\/wp-json\/wp\/v2\/pages"}],"about":[{"href":"https:\/\/gpde.direito.ufmg.br\/index.php\/wp-json\/wp\/v2\/types\/page"}],"author":[{"embeddable":true,"href":"https:\/\/gpde.direito.ufmg.br\/index.php\/wp-json\/wp\/v2\/users\/1"}],"replies":[{"embeddable":true,"href":"https:\/\/gpde.direito.ufmg.br\/index.php\/wp-json\/wp\/v2\/comments?post=84"}],"version-history":[{"count":0,"href":"https:\/\/gpde.direito.ufmg.br\/index.php\/wp-json\/wp\/v2\/pages\/84\/revisions"}],"wp:attachment":[{"href":"https:\/\/gpde.direito.ufmg.br\/index.php\/wp-json\/wp\/v2\/media?parent=84"}],"curies":[{"name":"wp","href":"https:\/\/api.w.org\/{rel}","templated":true}]}}