{"id":86,"date":"2019-02-28T20:18:13","date_gmt":"2019-02-28T23:18:13","guid":{"rendered":"http:\/\/localhost\/gpde\/?page_id=86"},"modified":"2019-02-28T20:18:13","modified_gmt":"2019-02-28T23:18:13","slug":"nedes","status":"publish","type":"page","link":"https:\/\/gpde.direito.ufmg.br\/index.php\/nedes\/","title":{"rendered":"NEDES"},"content":{"rendered":"<p><span style=\"font-size: 12pt;\">o N\u00facleo de Estudos sobre Desenvolvimento (NEDES) surge em 2019 com o intuito de aprofundar as pesquisas em Direito e Desenvolvimento para promover discuss\u00f5es e debates entre estudantes da UFMG n\u00e3o familiarizados ou com anseio de se aprimorar sobre o tema que n\u00e3o \u00e9 lecionado na grade obrigat\u00f3ria, somente na disciplina optativa ligada ao grupo.<\/span><\/p>\n","protected":false},"excerpt":{"rendered":"<p>o N\u00facleo de Estudos sobre Desenvolvimento (NEDES) surge em 2019 com o intuito de aprofundar as pesquisas em Direito e Desenvolvimento para promover discuss\u00f5es e debates entre estudantes da UFMG&hellip;<\/p>\n","protected":false},"author":1,"featured_media":0,"parent":0,"menu_order":0,"comment_status":"closed","ping_status":"closed","template":"","meta":{"footnotes":""},"class_list":["post-86","page","type-page","status-publish","hentry"],"_links":{"self":[{"href":"https:\/\/gpde.direito.ufmg.br\/index.php\/wp-json\/wp\/v2\/pages\/86","targetHints":{"allow":["GET"]}}],"collection":[{"href":"https:\/\/gpde.direito.ufmg.br\/index.php\/wp-json\/wp\/v2\/pages"}],"about":[{"href":"https:\/\/gpde.direito.ufmg.br\/index.php\/wp-json\/wp\/v2\/types\/page"}],"author":[{"embeddable":true,"href":"https:\/\/gpde.direito.ufmg.br\/index.php\/wp-json\/wp\/v2\/users\/1"}],"replies":[{"embeddable":true,"href":"https:\/\/gpde.direito.ufmg.br\/index.php\/wp-json\/wp\/v2\/comments?post=86"}],"version-history":[{"count":0,"href":"https:\/\/gpde.direito.ufmg.br\/index.php\/wp-json\/wp\/v2\/pages\/86\/revisions"}],"wp:attachment":[{"href":"https:\/\/gpde.direito.ufmg.br\/index.php\/wp-json\/wp\/v2\/media?parent=86"}],"curies":[{"name":"wp","href":"https:\/\/api.w.org\/{rel}","templated":true}]}}