{"id":89,"date":"2019-02-28T20:19:38","date_gmt":"2019-02-28T23:19:38","guid":{"rendered":"http:\/\/localhost\/gpde\/?page_id=89"},"modified":"2021-04-13T14:06:42","modified_gmt":"2021-04-13T17:06:42","slug":"eventos","status":"publish","type":"page","link":"https:\/\/gpde.direito.ufmg.br\/index.php\/eventos\/","title":{"rendered":"CURSOS"},"content":{"rendered":"<p dir=\"ltr\"><span style=\"font-size: 12pt; font-family: verdana, geneva, sans-serif;\">Ao longo dos anos, foram realizados diversos eventos pelo grupo com o intuito de compartilhar e absorver conhecimentos produzidos nacional e internacionalmente.<\/span><\/p>\n<p dir=\"ltr\"><span style=\"font-size: 12pt; font-family: verdana, geneva, sans-serif;\">A Confer\u00eancia Internacional It\u00e1lia-Brasil atualmente se encontra na 3\u00aa edi\u00e7\u00e3o, sendo sediada duas vezes na It\u00e1lia (2015 e 2017) e uma no Brasil (2016). O evento tem a inten\u00e7\u00e3o de aprofundar as pesquisas acerca das converg\u00eancias e diverg\u00eancias nos diversos ramos das leis brasileira e italiana. Dessa forma, buscam-se conex\u00f5es acad\u00eamicas que possam promover maior integra\u00e7\u00e3o dos estudos jur\u00eddicos em institui\u00e7\u00f5es educacionais de renome em ambos os pa\u00edses.<\/span><\/p>\n<p dir=\"ltr\"><span style=\"font-size: 12pt; font-family: verdana, geneva, sans-serif;\">A partir do feedback dos alunos da faculdade, o GPDE e o GPI constataram que, apesar do alto interesse em produzir, os alunos de gradua\u00e7\u00e3o tamb\u00e9m possu\u00edam elevado n\u00edvel de dificuldade em promover pesquisas acad\u00eamicas. Visando remediar essa situa\u00e7\u00e3o, foram realizados 6 cursos de extens\u00e3o: desde 2013, 5 sobre Direito Econ\u00f4mico e Desenvolvimento e; em 2018, 1 sobre Propriedade Intelectual. O objetivo principal \u00e9 propiciar, aos interessados e aos alunos de gradua\u00e7\u00e3o da Faculdade de Direito da UFMG, os primeiros contatos com t\u00e9cnicas de pesquisa e os conceitos b\u00e1sicos necess\u00e1rios que ser\u00e3o efetivamente utilizados para o desenvolvimento das pesquisas nas respectivas \u00e1reas de conhecimento de interesse. Consolidadas essas bases, os grupos t\u00eam a inten\u00e7\u00e3o de gerarem cada vez mais pesquisas acad\u00eamicas de qualidade e relev\u00e2ncia.<\/span><\/p>\n<p dir=\"ltr\"><span style=\"font-size: 12pt; font-family: verdana, geneva, sans-serif;\">Al\u00e9m dessas atividades supracitadas, o grupo promoveu 3 semin\u00e1rios sobre economia e Direito, entre 2011 e 2013. O Semin\u00e1rio Internacional de Direito Econ\u00f4mico e An\u00e1lise Econ\u00f4mica do Direito destaca-se pela promo\u00e7\u00e3o do debate sobre a An\u00e1lise Econ\u00f4mica do Direito e seus principais desafios na ordem econ\u00f4mica global contempor\u00e2nea. Os eventos tiveram como prop\u00f3sito a promo\u00e7\u00e3o da discuss\u00e3o cient\u00edfica dos fen\u00f4menos jur\u00eddico-econ\u00f4micos contempor\u00e2neos, facilitar o interc\u00e2mbio internacional de conhecimento de t\u00e9cnicas de an\u00e1lise econ\u00f4mica do direito e divulgar proposi\u00e7\u00f5es cient\u00edficas de estudos da realidade com base na an\u00e1lise econ\u00f4mica do direito. Os semin\u00e1rios contaram com parcerias entre institui\u00e7\u00f5es como a AMDE e a ESAF.<\/span><\/p>\n","protected":false},"excerpt":{"rendered":"<p>Ao longo dos anos, foram realizados diversos eventos pelo grupo com o intuito de compartilhar e absorver conhecimentos produzidos nacional e internacionalmente. A Confer\u00eancia Internacional It\u00e1lia-Brasil atualmente se encontra na&hellip;<\/p>\n","protected":false},"author":1,"featured_media":0,"parent":0,"menu_order":0,"comment_status":"closed","ping_status":"closed","template":"","meta":{"footnotes":""},"class_list":["post-89","page","type-page","status-publish","hentry"],"_links":{"self":[{"href":"https:\/\/gpde.direito.ufmg.br\/index.php\/wp-json\/wp\/v2\/pages\/89","targetHints":{"allow":["GET"]}}],"collection":[{"href":"https:\/\/gpde.direito.ufmg.br\/index.php\/wp-json\/wp\/v2\/pages"}],"about":[{"href":"https:\/\/gpde.direito.ufmg.br\/index.php\/wp-json\/wp\/v2\/types\/page"}],"author":[{"embeddable":true,"href":"https:\/\/gpde.direito.ufmg.br\/index.php\/wp-json\/wp\/v2\/users\/1"}],"replies":[{"embeddable":true,"href":"https:\/\/gpde.direito.ufmg.br\/index.php\/wp-json\/wp\/v2\/comments?post=89"}],"version-history":[{"count":0,"href":"https:\/\/gpde.direito.ufmg.br\/index.php\/wp-json\/wp\/v2\/pages\/89\/revisions"}],"wp:attachment":[{"href":"https:\/\/gpde.direito.ufmg.br\/index.php\/wp-json\/wp\/v2\/media?parent=89"}],"curies":[{"name":"wp","href":"https:\/\/api.w.org\/{rel}","templated":true}]}}