{"id":92,"date":"2019-02-28T20:20:50","date_gmt":"2019-02-28T23:20:50","guid":{"rendered":"http:\/\/localhost\/gpde\/?page_id=92"},"modified":"2019-02-28T20:33:12","modified_gmt":"2019-02-28T23:33:12","slug":"disciplinas","status":"publish","type":"page","link":"https:\/\/gpde.direito.ufmg.br\/index.php\/disciplinas\/","title":{"rendered":"DISCIPLINAS"},"content":{"rendered":"<p dir=\"ltr\"><span style=\"font-family: verdana, geneva, sans-serif; font-size: 12pt;\">Em conson\u00e2ncia com as pesquisas realizadas pelo GPDE, s\u00e3o ministradas pelo Professor Dr. Fabiano Lara tr\u00eas disciplinas no departamento de Direito P\u00fablico da UFMG. As mat\u00e9rias t\u00eam o intuito de aproximar as produ\u00e7\u00f5es de pesquisas \u00e0 comunidade acad\u00eamica da UFMG. Atualmente, s\u00e3o elas: Advanced Topics on Competition Law; Game Theory Applied to Law e T\u00f3picos em Direito Econ\u00f4mico Introduction to Law and Development.<\/span><\/p>\n<p dir=\"ltr\">\n<p dir=\"ltr\">\n","protected":false},"excerpt":{"rendered":"<p>Em conson\u00e2ncia com as pesquisas realizadas pelo GPDE, s\u00e3o ministradas pelo Professor Dr. Fabiano Lara tr\u00eas disciplinas no departamento de Direito P\u00fablico da UFMG. As mat\u00e9rias t\u00eam o intuito de&hellip;<\/p>\n","protected":false},"author":1,"featured_media":0,"parent":0,"menu_order":0,"comment_status":"closed","ping_status":"closed","template":"","meta":{"footnotes":""},"class_list":["post-92","page","type-page","status-publish","hentry"],"_links":{"self":[{"href":"https:\/\/gpde.direito.ufmg.br\/index.php\/wp-json\/wp\/v2\/pages\/92","targetHints":{"allow":["GET"]}}],"collection":[{"href":"https:\/\/gpde.direito.ufmg.br\/index.php\/wp-json\/wp\/v2\/pages"}],"about":[{"href":"https:\/\/gpde.direito.ufmg.br\/index.php\/wp-json\/wp\/v2\/types\/page"}],"author":[{"embeddable":true,"href":"https:\/\/gpde.direito.ufmg.br\/index.php\/wp-json\/wp\/v2\/users\/1"}],"replies":[{"embeddable":true,"href":"https:\/\/gpde.direito.ufmg.br\/index.php\/wp-json\/wp\/v2\/comments?post=92"}],"version-history":[{"count":0,"href":"https:\/\/gpde.direito.ufmg.br\/index.php\/wp-json\/wp\/v2\/pages\/92\/revisions"}],"wp:attachment":[{"href":"https:\/\/gpde.direito.ufmg.br\/index.php\/wp-json\/wp\/v2\/media?parent=92"}],"curies":[{"name":"wp","href":"https:\/\/api.w.org\/{rel}","templated":true}]}}