{"id":94,"date":"2019-02-28T20:23:18","date_gmt":"2019-02-28T23:23:18","guid":{"rendered":"http:\/\/localhost\/gpde\/?page_id=94"},"modified":"2021-04-13T14:18:48","modified_gmt":"2021-04-13T17:18:48","slug":"law-and-development","status":"publish","type":"page","link":"https:\/\/gpde.direito.ufmg.br\/index.php\/law-and-development\/","title":{"rendered":"T\u00f3picos em Direito Econ\u00f4mico Introduction to Law and Development"},"content":{"rendered":"<p><span style=\"font-family: verdana, geneva, sans-serif; font-size: 12pt;\">A disciplina T\u00f3picos em Direito Econ\u00f4mico Introduction to Law and Development \u00e9 ministrada na forma de optativa para a gradua\u00e7\u00e3o e tem como prop\u00f3sito debater teorias e casos pr\u00e1ticos relacionados ao tema direito e desenvolvimento. Assim, a mat\u00e9ria busca refletir sobre os fatores que constituem ou interferem no desenvolvimento de um pa\u00eds e discutir como o Direito pode ser um aspecto determinante nesse processo.<\/span><\/p>\n<p>&nbsp;<\/p>\n","protected":false},"excerpt":{"rendered":"<p>A disciplina T\u00f3picos em Direito Econ\u00f4mico Introduction to Law and Development \u00e9 ministrada na forma de optativa para a gradua\u00e7\u00e3o e tem como prop\u00f3sito debater teorias e casos pr\u00e1ticos relacionados&hellip;<\/p>\n","protected":false},"author":1,"featured_media":0,"parent":0,"menu_order":0,"comment_status":"closed","ping_status":"closed","template":"","meta":{"footnotes":""},"class_list":["post-94","page","type-page","status-publish","hentry"],"_links":{"self":[{"href":"https:\/\/gpde.direito.ufmg.br\/index.php\/wp-json\/wp\/v2\/pages\/94","targetHints":{"allow":["GET"]}}],"collection":[{"href":"https:\/\/gpde.direito.ufmg.br\/index.php\/wp-json\/wp\/v2\/pages"}],"about":[{"href":"https:\/\/gpde.direito.ufmg.br\/index.php\/wp-json\/wp\/v2\/types\/page"}],"author":[{"embeddable":true,"href":"https:\/\/gpde.direito.ufmg.br\/index.php\/wp-json\/wp\/v2\/users\/1"}],"replies":[{"embeddable":true,"href":"https:\/\/gpde.direito.ufmg.br\/index.php\/wp-json\/wp\/v2\/comments?post=94"}],"version-history":[{"count":0,"href":"https:\/\/gpde.direito.ufmg.br\/index.php\/wp-json\/wp\/v2\/pages\/94\/revisions"}],"wp:attachment":[{"href":"https:\/\/gpde.direito.ufmg.br\/index.php\/wp-json\/wp\/v2\/media?parent=94"}],"curies":[{"name":"wp","href":"https:\/\/api.w.org\/{rel}","templated":true}]}}