{"id":96,"date":"2019-02-28T20:24:29","date_gmt":"2019-02-28T23:24:29","guid":{"rendered":"http:\/\/localhost\/gpde\/?page_id=96"},"modified":"2019-02-28T20:28:21","modified_gmt":"2019-02-28T23:28:21","slug":"game-theory-applied-to-law","status":"publish","type":"page","link":"https:\/\/gpde.direito.ufmg.br\/index.php\/game-theory-applied-to-law\/","title":{"rendered":"Game Theory Applied to Law"},"content":{"rendered":"<p><span style=\"font-family: verdana, geneva, sans-serif; font-size: 12pt;\">A disciplina Game Theory Applied to Law \u00e9 ministrada para a p\u00f3s-gradua\u00e7\u00e3o e trata sobre a din\u00e2mica entre direito e estrat\u00e9gia, aplicando isso \u00e0 luz da Teoria dos Jogos no Direito. O objetivo da disciplina \u00e9 oferecer ferramentas metodol\u00f3gicas adicionais para desenvolvimento de pesquisa em Direito.<\/span><\/p>\n","protected":false},"excerpt":{"rendered":"<p>A disciplina Game Theory Applied to Law \u00e9 ministrada para a p\u00f3s-gradua\u00e7\u00e3o e trata sobre a din\u00e2mica entre direito e estrat\u00e9gia, aplicando isso \u00e0 luz da Teoria dos Jogos no&hellip;<\/p>\n","protected":false},"author":1,"featured_media":0,"parent":0,"menu_order":0,"comment_status":"closed","ping_status":"closed","template":"","meta":{"footnotes":""},"class_list":["post-96","page","type-page","status-publish","hentry"],"_links":{"self":[{"href":"https:\/\/gpde.direito.ufmg.br\/index.php\/wp-json\/wp\/v2\/pages\/96","targetHints":{"allow":["GET"]}}],"collection":[{"href":"https:\/\/gpde.direito.ufmg.br\/index.php\/wp-json\/wp\/v2\/pages"}],"about":[{"href":"https:\/\/gpde.direito.ufmg.br\/index.php\/wp-json\/wp\/v2\/types\/page"}],"author":[{"embeddable":true,"href":"https:\/\/gpde.direito.ufmg.br\/index.php\/wp-json\/wp\/v2\/users\/1"}],"replies":[{"embeddable":true,"href":"https:\/\/gpde.direito.ufmg.br\/index.php\/wp-json\/wp\/v2\/comments?post=96"}],"version-history":[{"count":0,"href":"https:\/\/gpde.direito.ufmg.br\/index.php\/wp-json\/wp\/v2\/pages\/96\/revisions"}],"wp:attachment":[{"href":"https:\/\/gpde.direito.ufmg.br\/index.php\/wp-json\/wp\/v2\/media?parent=96"}],"curies":[{"name":"wp","href":"https:\/\/api.w.org\/{rel}","templated":true}]}}