{"id":98,"date":"2019-02-28T20:25:24","date_gmt":"2019-02-28T23:25:24","guid":{"rendered":"http:\/\/localhost\/gpde\/?page_id=98"},"modified":"2019-02-28T20:25:24","modified_gmt":"2019-02-28T23:25:24","slug":"advanced-topics-on-competition-law","status":"publish","type":"page","link":"https:\/\/gpde.direito.ufmg.br\/index.php\/advanced-topics-on-competition-law\/","title":{"rendered":"Advanced Topics on Competition Law"},"content":{"rendered":"<p><span style=\"font-family: verdana, geneva, sans-serif; font-size: 12pt;\">A disciplina Advanced Topics on Competition Law \u00e9 ministrada para a p\u00f3s-gradua\u00e7\u00e3o e tem como objetivo aprofundar o estudo em Direito da Concorr\u00eancia, em especial no tocante a condutas anticompetitivas, bem como os limites materiais e processuais do Estado na repress\u00e3o dos il\u00edcitos. S\u00e3o apresentados temas essenciais ao estudo, como propriedade intelectual, contratos, contratos associativos, concentra\u00e7\u00f5es, participa\u00e7\u00f5es cruzadas e cartel, em \u00e2mbitos nacional e internacional.<\/span><\/p>\n","protected":false},"excerpt":{"rendered":"<p>A disciplina Advanced Topics on Competition Law \u00e9 ministrada para a p\u00f3s-gradua\u00e7\u00e3o e tem como objetivo aprofundar o estudo em Direito da Concorr\u00eancia, em especial no tocante a condutas anticompetitivas,&hellip;<\/p>\n","protected":false},"author":1,"featured_media":0,"parent":0,"menu_order":0,"comment_status":"closed","ping_status":"closed","template":"","meta":{"footnotes":""},"class_list":["post-98","page","type-page","status-publish","hentry"],"_links":{"self":[{"href":"https:\/\/gpde.direito.ufmg.br\/index.php\/wp-json\/wp\/v2\/pages\/98","targetHints":{"allow":["GET"]}}],"collection":[{"href":"https:\/\/gpde.direito.ufmg.br\/index.php\/wp-json\/wp\/v2\/pages"}],"about":[{"href":"https:\/\/gpde.direito.ufmg.br\/index.php\/wp-json\/wp\/v2\/types\/page"}],"author":[{"embeddable":true,"href":"https:\/\/gpde.direito.ufmg.br\/index.php\/wp-json\/wp\/v2\/users\/1"}],"replies":[{"embeddable":true,"href":"https:\/\/gpde.direito.ufmg.br\/index.php\/wp-json\/wp\/v2\/comments?post=98"}],"version-history":[{"count":0,"href":"https:\/\/gpde.direito.ufmg.br\/index.php\/wp-json\/wp\/v2\/pages\/98\/revisions"}],"wp:attachment":[{"href":"https:\/\/gpde.direito.ufmg.br\/index.php\/wp-json\/wp\/v2\/media?parent=98"}],"curies":[{"name":"wp","href":"https:\/\/api.w.org\/{rel}","templated":true}]}}